{"id":1012,"date":"2024-10-03T11:47:13","date_gmt":"2024-10-03T09:47:13","guid":{"rendered":"https:\/\/roco2.crealogica.eu\/politica-de-privacitat\/"},"modified":"2025-06-12T14:55:54","modified_gmt":"2025-06-12T12:55:54","slug":"politica-de-privacitat","status":"publish","type":"page","link":"https:\/\/roco2.crealogica.eu\/ca\/politica-de-privacitat\/","title":{"rendered":"Pol\u00edtica de privacitat"},"content":{"rendered":"\n<figure class=\"wp-block-table\"><table class=\"has-fixed-layout\"><tbody><tr><td colspan=\"3\">POL\u00cdTICA DE PRIVACITAT<\/td><\/tr><tr><td>RESPONSABLE<\/td><td>ROCOPARTS SL<\/td><td><a href=\"#info1\">+ info<\/a><\/td><\/tr><tr><td>FINALITAT<\/td><td>Oferir la informaci\u00f3 de la venda que Rocoparts ofereix de Recanvi Original en Caixa Original de marques europees o asi\u00e0tiques per a turismes, vehicles comercials i vehicles pesants. Respondre a les consultes i\/o proporcionar informacions requerides per l&#8217;Usuari a trav\u00e9s del formulari de &#8220;contacte&#8221;.<\/td><td><a href=\"#info2\">+ info<\/a><\/td><\/tr><tr><td>LEGITIMITAT DEL TRACTAMENT<\/td><td>Consentiment de l&#8217;interessat. &#8211; Execuci\u00f3 d&#8217;un contracte<\/td><td><a href=\"#info3\">+ Info<\/a><\/td><\/tr><tr><td>DRETS<\/td><td>Accedir, rectificar i cancel\u00b7lar les dades, aix\u00ed com els altres drets indicats en la informaci\u00f3 addicional.<\/td><td><a href=\"#info4\">+ Info<\/a><\/td><\/tr><tr><td>CONSERVACI\u00d3<\/td><td>Les seves dades es mantindran en els registres de tractament de la nostra titularitat mentre la seva conservaci\u00f3 sigui necess\u00e0ria per atendre la finalitat que en va motivar la recollida, aix\u00ed com durant el termini d&#8217;atenci\u00f3 de possibles obligacions legals.<\/td><td><a href=\"#info6\">+ Info<\/a><\/td><\/tr><tr><td>INFORMACI\u00d3 ADICIONAL<\/td><td colspan=\"2\">Podeu consultar la informaci\u00f3 addicional i detallada sobre Protecci\u00f3 de Dades a la nostra pol\u00edtica de privacitat: wwww.rocoparts.es\/politicadeprivacidad<\/td><\/tr><\/tbody><\/table><\/figure>\n\n<h3 class=\"wp-block-heading\" id=\"info1\">POL\u00cdTICA DE PRIVACITAT<\/h3>\n\n<p>La teva privacitat \u00e9s important per a nosaltres, aix\u00ed que mitjan\u00e7ant aquest document t&#8217;expliquem quines dades recopilem dels usuaris, com les utilitzem i per a qu\u00e8, entre altres indicacions. Per a la teva informaci\u00f3, mai sol\u00b7licitarem m\u00e9s informaci\u00f3 de la que realment necessitarem per als serveis requerits; mai la compartirem amb tercers, excepte per obligaci\u00f3 legal o amb la teva autoritzaci\u00f3 pr\u00e8via; i mai utilitzarem les teves dades per a una altra finalitat no indicada pr\u00e8viament. Com a usuari, haur\u00e0s de llegir atentament aquesta pol\u00edtica de privacitat de manera regular, i sempre que introdueixis les teves dades personals, ja que aquest document pot patir modificacions, ja que el prestador pot modificar qualsevol tipus d&#8217;informaci\u00f3 que pogu\u00e9s apar\u00e8ixer a la web per complir amb la normativa o actualitzar la pol\u00edtica, i sense que existeixi l&#8217;obligaci\u00f3 de pre-avisar.<\/p>\n\n<p>ROCOPARTS SL, com a responsable del Lloc web, de conformitat amb el que disposa el Reglament (UE) 2016\/679 de 27 d&#8217;abril de 2016 (RGPD), la Llei Org\u00e0nica 3\/2018 de 5 de desembre (LOPDGDD) i la resta de normativa legal vigent en mat\u00e8ria de protecci\u00f3 de dades personals, i per la Llei 34\/2002, d&#8217;11 de juliol, de Serveis de la Societat de la Informaci\u00f3 i del Comer\u00e7 Electr\u00f2nic (LSSICE), l&#8217;informa que t\u00e9 implementades les mesures de seguretat necess\u00e0ries, d&#8217;\u00edndole t\u00e8cnica i organitzatives, per garantir i protegir la confidencialitat, integritat i disponibilitat de les dades introdu\u00efdes.<\/p>\n\n<h3 class=\"wp-block-heading\" id=\"info2\">Finalitat del tractament<\/h3>\n\n<p>Les seves dades personals nom\u00e9s s&#8217;utilitzaran per a les seg\u00fcents finalitats:<\/p>\n\n<p>&#8211; Respondre a les consultes i\/o proporcionar informacions requerides per l&#8217;Usuari;<\/p>\n\n<p>Realitzar les prestacions de serveis i\/o productes contractats o subscrits per l&#8217;Usuari;<\/p>\n\n<p>Les dades de clients i\/o prove\u00efdors seran tractades, dins de la relaci\u00f3 contractual que els vincula amb el responsable, en compliment de les obligacions administratives, fiscals, comptables i laborals que siguin necess\u00e0ries en virtut de la legislaci\u00f3 vigent.<\/p>\n\n<p>Podeu revocar en qualsevol moment el vostre consentiment remetent un escrit amb l&#8217;assumpte &#8220;Baixa&#8221; a info@rocoparts.es.<\/p>\n\n<p>No tractarem les seves dades personals per a cap altra finalitat de les descrites, excepte per obligaci\u00f3 legal o requeriment judicial.<\/p>\n\n<h3 class=\"wp-block-heading\" id=\"info3\">LEGITIMACI\u00d3 DEL TRACTAMENT<\/h3>\n\n<p>La base legal per al tractament de les dades \u00e9s el vostre consentiment atorgat per dur a terme les finalitats anteriorment descrites, que se sol\u00b7licitar\u00e0 en el moment de marcar la casella corresponent a l&#8217;hora de recollir les vostres dades.<\/p>\n\n<p>El no facilitar les dades personals sol\u00b7licitades o el no acceptar la present pol\u00edtica de protecci\u00f3 de dades suposa la impossibilitat de subscriure&#8217;s, registrar-se o rebre informaci\u00f3 dels productes i serveis del Prestador.<\/p>\n\n<p>En els casos en qu\u00e8 existeixi una pr\u00e8via relaci\u00f3 contractual entre les parts, la legitimaci\u00f3 per al desenvolupament de les obligacions administratives, fiscals, comptables i laborals que siguin necess\u00e0ries en virtut de la legislaci\u00f3 vigent ser\u00e0 l&#8217;exist\u00e8ncia pr\u00e8via de la relaci\u00f3 comercial establerta entre les parts.<\/p>\n\n<h3 class=\"wp-block-heading\" id=\"info4\">DESTINATARIS DE CESSIONS O TRANSFER\u00c8NCIES<\/h3>\n\n<p>ROCOPARTS SL no realitza cap cessi\u00f3 o comunicaci\u00f3 de dades tret que hi hagi una necessitat raonable per complir amb un procediment judicial, obligaci\u00f3 legal o pr\u00e8via obtenci\u00f3 del consentiment de l&#8217;usuari.<\/p>\n\n<p>Tampoc es realitzaran transfer\u00e8ncies internacionals de les seves dades de car\u00e0cter personal sense el seu consentiment previ, sense perjudici de poder bloquejar o cancel\u00b7lar el seu compte si hi pot haver indicis de la comissi\u00f3 d&#8217;algun delicte per part de l&#8217;usuari. La informaci\u00f3 facilitada ser\u00e0 solament la que disposi en aquest moment el prestador.<\/p>\n\n<p>ROCOPARTS SL no cedir\u00e0 les dades recollides a tercers tret que hi hagi una necessitat raonable per complir amb un procediment judicial, obligaci\u00f3 legal o pr\u00e8via obtenci\u00f3 del consentiment de l&#8217;usuari. La informaci\u00f3 que vost\u00e8 ens proporcioni tant a trav\u00e9s d&#8217;aquest lloc web com a trav\u00e9s de l&#8217;aplicaci\u00f3 ser\u00e0 allotjada als servidors de ROCOPARTS SL i als d&#8217;Acronis, contractats a l&#8217;empresa Earcon SL. El tractament de les dades d&#8217;aquesta entitat es troba regulat mitjan\u00e7ant un contracte d&#8217;encarregat del tractament entre el prestador i aquesta empresa. En cap cas aquest encarregat del tractament subcontractar\u00e0 serveis que comportin algun tractament de dades per tercers sense el nostre previ consentiment.<\/p>\n\n<h3 class=\"wp-block-heading\">DRETS DE LES PERSONES INTERESSADES<\/h3>\n\n<p>Com a usuari-interessat, podeu sol\u00b7licitar l&#8217;exercici dels seg\u00fcents drets davant ROCOPARTS SL presentant un escrit a l&#8217;adre\u00e7a postal de l&#8217;encap\u00e7alament o enviant un correu electr\u00f2nic a admin@rocoparts.es, indicant com a Assumpte: &#8220;PROTECCI\u00d3 DE DADES, EXERCICI DRETS&#8221;, i adjuntant fotoc\u00f2pia del vostre DNI o qualsevol mitj\u00e0 an\u00e0leg en dret, tal com indica la llei.<\/p>\n\n<p>Drets<\/p>\n\n<p>\u2022 Dret d&#8217;acc\u00e9s: permet a l&#8217;interessat con\u00e8ixer i obtenir informaci\u00f3 sobre les seves dades de car\u00e0cter personal sotmeses a tractament.<\/p>\n\n<p>\u2022 Dret de rectificaci\u00f3 o supressi\u00f3: permet corregir errors i modificar les dades que resultin ser inexactes o incompletes.<\/p>\n\n<p>\u2022 Dret de rectificaci\u00f3 o supressi\u00f3: permet corregir errors i modificar les dades que resultin ser inexactes o incompletes.<\/p>\n\n<p>\u2022 Dret d&#8217;oposici\u00f3: dret de l&#8217;interessat a qu\u00e8 no es dugui a terme el tractament de les seves dades de car\u00e0cter personal o es cessi en el mateix.<\/p>\n\n<p>\u2022 Limitaci\u00f3 del tractament: comporta el marcatge de les dades personals conservades, amb la finalitat de limitar el seu futur tractament.<\/p>\n\n<p>\u2022 Portabilitat de les dades: facilitaci\u00f3 de les dades objecte de tractament a l&#8217;interessat, a fi que aquest pugui transmetre-les a un altre responsable, sense impediments.<\/p>\n\n<p>\u2022 Dret a no ser objecte de decisions individuals automatitzades (inclosa l&#8217;elaboraci\u00f3 de perfils): dret a no ser objecte d&#8217;una decisi\u00f3 basada en el tractament automatitzat que produeixi efectes o l&#8217;afecti significativament.<\/p>\n\n<p>Com a usuari, teniu dret a retirar el consentiment prestat en qualsevol moment. La retirada del consentiment no afectar\u00e0 la licitud del tractament efectuat abans de la retirada del consentiment.<\/p>\n\n<p>Tamb\u00e9 teniu dret a presentar una reclamaci\u00f3 davant l&#8217;autoritat de control si considereu que poden haver-se vist vulnerats els vostres drets amb relaci\u00f3 a la protecci\u00f3 de les vostres dades (agpd.es).<\/p>\n\n<h3 class=\"wp-block-heading\" id=\"info6\">CONSERVACI\u00d3 DE LES SEVES DADES<\/h3>\n\n<p>Les vostres dades es conservaran mentre duri la relaci\u00f3 comercial amb nosaltres o exerciteu el vostre dret de cancel\u00b7laci\u00f3 o oposici\u00f3, o limitaci\u00f3 al tractament. No obstant aix\u00f2, conservarem determinades dades personals identificatives i del tr\u00e0fic durant el termini m\u00e0xim de 2 anys per al cas que fos requerit pels Jutges i Tribunals o per incoar accions internes derivades de l&#8217;\u00fas indegut de la p\u00e0gina web.<\/p>\n\n<p>No ser\u00e0 objecte de decisions basades en tractaments automatitzats que produeixin efectes sobre les seves dades.<\/p>\n\n<h3 class=\"wp-block-heading\">INFORMACI\u00d3 ADDICIONAL. MESURES DE SEGURETAT<\/h3>\n\n<p>Les dades que ens faciliteu es tractaran de forma confidencial. El Prestador ha adoptat totes les mesures t\u00e8cniques i organitzatives i tots els nivells de protecci\u00f3 necessaris per garantir la seguretat en el tractament de les dades i evitar la seva alteraci\u00f3, p\u00e8rdua, robatori, tractament o acc\u00e9s no autoritzat, d&#8217;acord amb l&#8217;estat de la tecnologia i la naturalesa de les dades emmagatzemades. Aix\u00ed mateix, es garanteix tamb\u00e9 que el tractament i registre en fitxers, programes, sistemes o equips, locals i centres compleixen amb els requisits i condicions d&#8217;integritat i seguretat establertes en la normativa vigent.<\/p>\n\n<p>L&#8217;idioma aplicable a aquesta Pol\u00edtica de Privacitat \u00e9s l&#8217;espanyol. Per tant, en cas que hi hagu\u00e9s alguna contradicci\u00f3 en alguna de les versions facilitades en altres idiomes, prevaldr\u00e0 la versi\u00f3 en espanyol.<\/p>\n\n<h3 class=\"wp-block-heading\">INFORMACI\u00d3 QUE RECOPLILEM:<\/h3>\n\n<p>Les dades recollides per part del responsable s\u00f3n les seg\u00fcents:<\/p>\n\n<p>&#8211; Aquells que els usuaris subministrin a trav\u00e9s dels diferents serveis oferts a la p\u00e0gina web. &#8211;<\/p>\n\n<p>Dades recollides a trav\u00e9s de les &#8220;cookies&#8221; per a la millora de l&#8217;experi\u00e8ncia de la navegaci\u00f3, segons s&#8217;informa en la pol\u00edtica de cookies.<\/p>\n\n<p>La negativa a subministrar les dades obligat\u00f2ries suposar\u00e0 la impossibilitat d&#8217;atendre la concreta sol\u00b7licitud de qu\u00e8 es tracti. Vost\u00e8 manifesta que la informaci\u00f3 i les dades que ens facilita s\u00f3n exactes, actuals i veraces.<\/p>\n\n<p>A trav\u00e9s d&#8217;aquesta Pol\u00edtica de Privacitat, t&#8217;informem que les fotografies que estiguin penjades al web s\u00f3n propietat de ROCOPARTS SL.<\/p>\n\n<h3 class=\"wp-block-heading\">ENVIAMENT DE CV<\/h3>\n\n<p>En el cas que l&#8217;usuari envi\u00ef el seu CV a trav\u00e9s de la nostra web, l&#8217;informem que les dades aportades seran tractades per fer-lo part\u00edcip dels processos de selecci\u00f3 que puguin sorgir. Aix\u00f2 implica una an\u00e0lisi del perfil del sol\u00b7licitant amb l&#8217;objectiu de seleccionar el millor candidat per al lloc vacant del Responsable.<br\/><br\/>\u00c9s important destacar que aquest \u00e9s l&#8217;\u00fanic procediment oficial per acceptar el seu curr\u00edculum; no s&#8217;acceptaran els curr\u00edculums remesos per cap altre mitj\u00e0.<br\/><br\/>Les dades es conservaran durant un per\u00edode m\u00e0xim d&#8217;un any. Un cop transcorregut aquest termini, es procedir\u00e0 a la supressi\u00f3 de les dades, garantint la total confidencialitat tant en el seu tractament com en la seva posterior destrucci\u00f3. Si despr\u00e9s d&#8217;aquest termini desitja continuar participant en els nostres processos de selecci\u00f3, li preguem que ens torni a enviar el seu curr\u00edculum.<\/p>\n\n<h3 class=\"wp-block-heading\">CANVIS EN LA PRESENT POL\u00cdTICA DE PRIVACITAT<\/h3>\n\n<p>ROCOPARTS SL es reserva el dret de modificar la present pol\u00edtica per adaptar-la a novetats legislatives o jurisprudencials.<\/p>\n\n<h3 class=\"wp-block-heading\">IDIOMA<\/h3>\n\n<p>L&#8217;idioma aplicable a aquesta Pol\u00edtica de Privacitat \u00e9s l&#8217;espanyol. Per tant, en cas que hi hagu\u00e9s alguna contradicci\u00f3 en alguna de les versions facilitades en altres idiomes, prevaldr\u00e0 la versi\u00f3 en espanyol.<\/p>\n\n<h3 class=\"wp-block-heading\">REVOCABILITAT<\/h3>\n\n<p>El consentiment prestat, tant per al tractament com per a la cessi\u00f3 de les dades dels interessats, \u00e9s revocable en qualsevol moment comunicant-ho a ROCOPARTS SL en els termes establerts en aquesta Pol\u00edtica per a l&#8217;exercici dels drets. Aquesta revocaci\u00f3 en cap cas tindr\u00e0 car\u00e0cter retroactiu.<\/p>\n\n<h3 class=\"wp-block-heading\">LEGISLACI\u00d3<\/h3>\n\n<p>A tots els efectes, les relacions entre ROCOPARTS SL amb els Usuaris dels seus serveis telem\u00e0tics, presents en aquesta Web, estan sotmeses a la legislaci\u00f3 i jurisdicci\u00f3 espanyola a la qual se sotmeten expressament les parts. Seran competents per a la resoluci\u00f3 de tots els conflictes derivats o relacionats amb el seu \u00fas els Jutjats i Tribunals de Barcelona.<\/p>\n","protected":false},"excerpt":{"rendered":"<p>POL\u00cdTICA DE PRIVACITAT RESPONSABLE ROCOPARTS SL + info FINALITAT Oferir la informaci\u00f3 de la venda que Rocoparts ofereix de Recanvi Original en Caixa Original de marques europees o asi\u00e0tiques per a turismes, vehicles comercials i vehicles pesants. Respondre a les consultes i\/o proporcionar informacions requerides per l&#8217;Usuari a trav\u00e9s del formulari de &#8220;contacte&#8221;. + info [&hellip;]<\/p>\n","protected":false},"author":1,"featured_media":0,"parent":0,"menu_order":0,"comment_status":"closed","ping_status":"closed","template":"","meta":{"inline_featured_image":false,"footnotes":""},"class_list":["post-1012","page","type-page","status-publish","hentry"],"_links":{"self":[{"href":"https:\/\/roco2.crealogica.eu\/ca\/wp-json\/wp\/v2\/pages\/1012","targetHints":{"allow":["GET"]}}],"collection":[{"href":"https:\/\/roco2.crealogica.eu\/ca\/wp-json\/wp\/v2\/pages"}],"about":[{"href":"https:\/\/roco2.crealogica.eu\/ca\/wp-json\/wp\/v2\/types\/page"}],"author":[{"embeddable":true,"href":"https:\/\/roco2.crealogica.eu\/ca\/wp-json\/wp\/v2\/users\/1"}],"replies":[{"embeddable":true,"href":"https:\/\/roco2.crealogica.eu\/ca\/wp-json\/wp\/v2\/comments?post=1012"}],"version-history":[{"count":3,"href":"https:\/\/roco2.crealogica.eu\/ca\/wp-json\/wp\/v2\/pages\/1012\/revisions"}],"predecessor-version":[{"id":1015,"href":"https:\/\/roco2.crealogica.eu\/ca\/wp-json\/wp\/v2\/pages\/1012\/revisions\/1015"}],"wp:attachment":[{"href":"https:\/\/roco2.crealogica.eu\/ca\/wp-json\/wp\/v2\/media?parent=1012"}],"curies":[{"name":"wp","href":"https:\/\/api.w.org\/{rel}","templated":true}]}}